{"id":32,"date":"2024-11-13T08:21:48","date_gmt":"2024-11-13T07:21:48","guid":{"rendered":"https:\/\/claudi-kopf.de\/?page_id=32"},"modified":"2026-01-09T09:14:05","modified_gmt":"2026-01-09T08:14:05","slug":"startseite","status":"publish","type":"page","link":"https:\/\/claudi-kopf.de\/","title":{"rendered":"Startseite"},"content":{"rendered":"\t\t<div data-elementor-type=\"wp-post\" data-elementor-id=\"32\" class=\"elementor elementor-32\">\n\t\t\t\t<div class=\"elementor-element elementor-element-0967e21 e-grid e-con-boxed e-con e-parent\" data-id=\"0967e21\" data-element_type=\"container\" id=\"home\">\n\t\t\t\t\t<div class=\"e-con-inner\">\n\t\t\t\t<div class=\"elementor-element elementor-element-2dad9df elementor-widget elementor-widget-image\" data-id=\"2dad9df\" data-element_type=\"widget\" data-widget_type=\"image.default\">\n\t\t\t\t<div class=\"elementor-widget-container\">\n\t\t\t\t\t\t\t\t\t\t\t\t\t\t\t<img fetchpriority=\"high\" decoding=\"async\" width=\"399\" height=\"399\" src=\"https:\/\/claudi-kopf.de\/wp-content\/uploads\/2024\/11\/logo_website_final.png\" class=\"attachment-medium_large size-medium_large wp-image-42\" alt=\"\" srcset=\"https:\/\/claudi-kopf.de\/wp-content\/uploads\/2024\/11\/logo_website_final.png 399w, https:\/\/claudi-kopf.de\/wp-content\/uploads\/2024\/11\/logo_website_final-300x300.png 300w, https:\/\/claudi-kopf.de\/wp-content\/uploads\/2024\/11\/logo_website_final-150x150.png 150w\" sizes=\"(max-width: 399px) 100vw, 399px\" \/>\t\t\t\t\t\t\t\t\t\t\t\t\t\t\t<\/div>\n\t\t\t\t<\/div>\n\t\t\t\t<div class=\"elementor-element elementor-element-d369d18 elementor-widget elementor-widget-text-editor\" data-id=\"d369d18\" data-element_type=\"widget\" data-widget_type=\"text-editor.default\">\n\t\t\t\t<div class=\"elementor-widget-container\">\n\t\t\t\t\t\t\t\t\t<h3>Pferdephysiotherapie<\/h3><p>\u00a0<\/p><p>Als zertifizierte Pferdephysio unterst\u00fctze ich Ihr Pferd bei Bewegungsproblemen, Muskelverspannungen, Rittigkeitsproblemen oder nach Verletzungen. Durch gezielte physiotherapeutische und osteopathische Behandlungen und ggf. individuell abgestimmten hom\u00f6opathischen Therapien f\u00f6rdern wir Gesundheit, Beweglichkeit und Wohlbefinden Ihres Pferdes auf nat\u00fcrliche Weise. Auch nach Verletzungen oder Operationen ist eine Physiotherapie zur F\u00f6rderung der Regenation sinnvoll.<br \/>Durch die Kombination aus physiotherapeutischen und osteopathischen Behandlungsmethoden lassen sich k\u00f6rperliche und energetische Blockaden l\u00f6sen und der nat\u00fcrliche Heilungsprozess anregen.<\/p><p>Ziel meiner Arbeit ist es, Beweglichkeit, Leistungsf\u00e4higkeit und Wohlbefinden Ihres Pferdes nachhaltig zu f\u00f6rdern.<\/p>\t\t\t\t\t\t\t\t<\/div>\n\t\t\t\t<\/div>\n\t\t\t\t\t<\/div>\n\t\t\t\t<\/div>\n\t\t<div class=\"elementor-element elementor-element-b3a9242 e-grid e-con-boxed e-con e-parent\" data-id=\"b3a9242\" data-element_type=\"container\" id=\"ueber-mich\">\n\t\t\t\t\t<div class=\"e-con-inner\">\n\t\t\t\t<div class=\"elementor-element elementor-element-d2321d1 elementor-widget elementor-widget-heading\" data-id=\"d2321d1\" data-element_type=\"widget\" data-widget_type=\"heading.default\">\n\t\t\t\t<div class=\"elementor-widget-container\">\n\t\t\t\t\t<h2 class=\"elementor-heading-title elementor-size-default\">\u00dcber mich<\/h2>\t\t\t\t<\/div>\n\t\t\t\t<\/div>\n\t\t\t\t\t<\/div>\n\t\t\t\t<\/div>\n\t\t<div class=\"elementor-element elementor-element-33514cd e-grid e-con-boxed e-con e-parent\" data-id=\"33514cd\" data-element_type=\"container\">\n\t\t\t\t\t<div class=\"e-con-inner\">\n\t\t\t\t<div class=\"elementor-element elementor-element-b639cb0 elementor-widget elementor-widget-text-editor\" data-id=\"b639cb0\" data-element_type=\"widget\" data-widget_type=\"text-editor.default\">\n\t\t\t\t<div class=\"elementor-widget-container\">\n\t\t\t\t\t\t\t\t\t<p>Hi, ich bin Claudi Kopf,<\/p>\n<p>eine leidenschaftliche Pferdeliebhaberin, die ihr Leben den Vierbeinern verschrieben hat.<br>F\u00fcr mich stehen nicht nur die k\u00f6rperliche Gesundheit, sondern auch das emotionale Wohl der Tiere im Mittelpunkt. Ich lege gro\u00dfen Wert auf eine ruhige, respektvolle und sorgf\u00e4ltige Arbeit mit jedem Pferd. Jede Behandlung beginnt mit einem ausf\u00fchrlichen Gespr\u00e4ch\/ einer ausf\u00fchrlichen Anamnese und Befundung, um die Ursache der Beschwerden gezielt zu erkennen.<br>Rundum eine ganzheitliche Betreuung f\u00fcr Ihr Pferd- mit Herz, Erfahrung und Fachwissen.<\/p>\n<p>Ich arbeite mobil im gesamten Landkreis Biberach an der Ri\u00df und komme direkt zu Ihnen und Ihrem Pferd in den Stall.<\/p>\t\t\t\t\t\t\t\t<\/div>\n\t\t\t\t<\/div>\n\t\t<div class=\"elementor-element elementor-element-a1928f5 e-grid e-con-full e-con e-child\" data-id=\"a1928f5\" data-element_type=\"container\">\n\t\t\t\t<div class=\"elementor-element elementor-element-7cae6a4 elementor-widget__width-initial elementor-widget elementor-widget-heading\" data-id=\"7cae6a4\" data-element_type=\"widget\" data-widget_type=\"heading.default\">\n\t\t\t\t<div class=\"elementor-widget-container\">\n\t\t\t\t\t<h2 class=\"elementor-heading-title elementor-size-default\"> <\/h2>\t\t\t\t<\/div>\n\t\t\t\t<\/div>\n\t\t\t\t<div class=\"elementor-element elementor-element-e19cc6b elementor-widget__width-initial elementor-widget elementor-widget-image\" data-id=\"e19cc6b\" data-element_type=\"widget\" data-widget_type=\"image.default\">\n\t\t\t\t<div class=\"elementor-widget-container\">\n\t\t\t\t\t\t\t\t\t\t\t\t\t\t\t<img decoding=\"async\" width=\"600\" height=\"864\" src=\"https:\/\/claudi-kopf.de\/wp-content\/uploads\/2025\/04\/claudi_neu.jpg\" class=\"attachment-large size-large wp-image-110\" alt=\"\" srcset=\"https:\/\/claudi-kopf.de\/wp-content\/uploads\/2025\/04\/claudi_neu.jpg 600w, https:\/\/claudi-kopf.de\/wp-content\/uploads\/2025\/04\/claudi_neu-208x300.jpg 208w\" sizes=\"(max-width: 600px) 100vw, 600px\" \/>\t\t\t\t\t\t\t\t\t\t\t\t\t\t\t<\/div>\n\t\t\t\t<\/div>\n\t\t\t\t<\/div>\n\t\t\t\t\t<\/div>\n\t\t\t\t<\/div>\n\t\t<div class=\"elementor-element elementor-element-653bbf5 e-flex e-con-boxed e-con e-parent\" data-id=\"653bbf5\" data-element_type=\"container\">\n\t\t\t\t\t<div class=\"e-con-inner\">\n\t\t<div class=\"elementor-element elementor-element-2ee593d e-con-full e-flex e-con e-child\" data-id=\"2ee593d\" data-element_type=\"container\">\n\t\t\t\t<div class=\"elementor-element elementor-element-76ae27e elementor-widget elementor-widget-image\" data-id=\"76ae27e\" data-element_type=\"widget\" data-widget_type=\"image.default\">\n\t\t\t\t<div class=\"elementor-widget-container\">\n\t\t\t\t\t\t\t\t\t\t\t\t\t\t\t<img decoding=\"async\" width=\"788\" height=\"1024\" src=\"https:\/\/claudi-kopf.de\/wp-content\/uploads\/2025\/12\/WhatsApp-Image-2025-10-15-at-08.43.22_ok_2_____1-788x1024.jpg\" class=\"attachment-large size-large wp-image-158\" alt=\"\" srcset=\"https:\/\/claudi-kopf.de\/wp-content\/uploads\/2025\/12\/WhatsApp-Image-2025-10-15-at-08.43.22_ok_2_____1-788x1024.jpg 788w, https:\/\/claudi-kopf.de\/wp-content\/uploads\/2025\/12\/WhatsApp-Image-2025-10-15-at-08.43.22_ok_2_____1-231x300.jpg 231w, https:\/\/claudi-kopf.de\/wp-content\/uploads\/2025\/12\/WhatsApp-Image-2025-10-15-at-08.43.22_ok_2_____1-768x998.jpg 768w, https:\/\/claudi-kopf.de\/wp-content\/uploads\/2025\/12\/WhatsApp-Image-2025-10-15-at-08.43.22_ok_2_____1.jpg 1179w\" sizes=\"(max-width: 788px) 100vw, 788px\" \/>\t\t\t\t\t\t\t\t\t\t\t\t\t\t\t<\/div>\n\t\t\t\t<\/div>\n\t\t\t\t<\/div>\n\t\t<div class=\"elementor-element elementor-element-0567409 e-con-full e-flex e-con e-child\" data-id=\"0567409\" data-element_type=\"container\">\n\t\t\t\t<div class=\"elementor-element elementor-element-2db284d elementor-widget elementor-widget-image\" data-id=\"2db284d\" data-element_type=\"widget\" data-widget_type=\"image.default\">\n\t\t\t\t<div class=\"elementor-widget-container\">\n\t\t\t\t\t\t\t\t\t\t\t\t\t\t\t<img loading=\"lazy\" decoding=\"async\" width=\"738\" height=\"959\" src=\"https:\/\/claudi-kopf.de\/wp-content\/uploads\/2025\/12\/WhatsApp-Image-2025-10-15-at-08.43.21_ok.jpeg\" class=\"attachment-large size-large wp-image-153\" alt=\"\" srcset=\"https:\/\/claudi-kopf.de\/wp-content\/uploads\/2025\/12\/WhatsApp-Image-2025-10-15-at-08.43.21_ok.jpeg 738w, https:\/\/claudi-kopf.de\/wp-content\/uploads\/2025\/12\/WhatsApp-Image-2025-10-15-at-08.43.21_ok-231x300.jpeg 231w\" sizes=\"(max-width: 738px) 100vw, 738px\" \/>\t\t\t\t\t\t\t\t\t\t\t\t\t\t\t<\/div>\n\t\t\t\t<\/div>\n\t\t\t\t<\/div>\n\t\t\t\t\t<\/div>\n\t\t\t\t<\/div>\n\t\t<div class=\"elementor-element elementor-element-9571455 e-flex e-con-boxed e-con e-parent\" data-id=\"9571455\" data-element_type=\"container\">\n\t\t\t\t\t<div class=\"e-con-inner\">\n\t\t<div class=\"elementor-element elementor-element-5ce7d83 e-con-full e-flex e-con e-child\" data-id=\"5ce7d83\" data-element_type=\"container\">\n\t\t\t\t<div class=\"elementor-element elementor-element-b94c340 elementor-widget elementor-widget-heading\" data-id=\"b94c340\" data-element_type=\"widget\" data-widget_type=\"heading.default\">\n\t\t\t\t<div class=\"elementor-widget-container\">\n\t\t\t\t\t<h2 class=\"elementor-heading-title elementor-size-default\">Meine Stute Ashanti (20 Jahre)<\/h2>\t\t\t\t<\/div>\n\t\t\t\t<\/div>\n\t\t\t\t<\/div>\n\t\t<div class=\"elementor-element elementor-element-a44c00d e-con-full e-flex e-con e-child\" data-id=\"a44c00d\" data-element_type=\"container\">\n\t\t\t\t<div class=\"elementor-element elementor-element-7e9048d elementor-widget elementor-widget-heading\" data-id=\"7e9048d\" data-element_type=\"widget\" data-widget_type=\"heading.default\">\n\t\t\t\t<div class=\"elementor-widget-container\">\n\t\t\t\t\t<h2 class=\"elementor-heading-title elementor-size-default\">Mein Pony Samy (22 Jahre)<\/h2>\t\t\t\t<\/div>\n\t\t\t\t<\/div>\n\t\t\t\t<\/div>\n\t\t\t\t\t<\/div>\n\t\t\t\t<\/div>\n\t\t<div class=\"elementor-element elementor-element-feedf4e e-grid e-con-boxed e-con e-parent\" data-id=\"feedf4e\" data-element_type=\"container\" id=\"dienstleistungen\">\n\t\t\t\t\t<div class=\"e-con-inner\">\n\t\t\t\t<div class=\"elementor-element elementor-element-bbf70eb elementor-widget elementor-widget-heading\" data-id=\"bbf70eb\" data-element_type=\"widget\" data-widget_type=\"heading.default\">\n\t\t\t\t<div class=\"elementor-widget-container\">\n\t\t\t\t\t<h2 class=\"elementor-heading-title elementor-size-default\">Dienstleistungen<\/h2>\t\t\t\t<\/div>\n\t\t\t\t<\/div>\n\t\t\t\t\t<\/div>\n\t\t\t\t<\/div>\n\t\t<div class=\"elementor-element elementor-element-5b7c323 e-grid e-con-boxed e-con e-parent\" data-id=\"5b7c323\" data-element_type=\"container\">\n\t\t\t\t\t<div class=\"e-con-inner\">\n\t\t\t\t<div class=\"elementor-element elementor-element-b3b2a2e elementor-widget elementor-widget-text-editor\" data-id=\"b3b2a2e\" data-element_type=\"widget\" data-widget_type=\"text-editor.default\">\n\t\t\t\t<div class=\"elementor-widget-container\">\n\t\t\t\t\t\t\t\t\t<h3 style=\"color: #ffffff;\">Meine Leistungen<\/h3>\n&nbsp;\n<p style=\"color: #ffffff;\">Pferdephysiotherapie<br>\nManuelle Therapie und Massagen<br>\nMobilisierung und Dehnung<br>\nFaszienbehandlung<br>\nNarbenbehandlung<br>\nHaltungs- und Bewegungsanalyse<br>\nMobilisierung nach Verletzungen oder Operationen<br>\nUnterst\u00fctzung f\u00fcr Sport- und Freizeitpferde<br>\nGanzheitliche Gesundheitsberatung<br><\/p>\t\t\t\t\t\t\t\t<\/div>\n\t\t\t\t<\/div>\n\t\t\t\t<div class=\"elementor-element elementor-element-2ad8e0e elementor-widget elementor-widget-text-editor\" data-id=\"2ad8e0e\" data-element_type=\"widget\" data-widget_type=\"text-editor.default\">\n\t\t\t\t<div class=\"elementor-widget-container\">\n\t\t\t\t\t\t\t\t\t<h3 style=\"color: #ffffff;\">Pferdehom\u00f6opathie<\/h3><br>\n<p style=\"color: #ffffff;\">Die Hom\u00f6opathie f\u00fcr Pferde findet immer mehr Beliebtheit, denn Ihre Einsatzgebiete sind weltumfassend. Individuell abgestimmte hom\u00f6opathische Therapien zur Unterst\u00fctzung der Selbstheilungskr\u00e4fte und des Immunsystems. Geeignet zur Begleitung akuter und chronischer Erkrankungen sowie zur allgemeinen Gesundheitsstabilisierung.<\/p>\t\t\t\t\t\t\t\t<\/div>\n\t\t\t\t<\/div>\n\t\t\t\t\t<\/div>\n\t\t\t\t<\/div>\n\t\t<div class=\"elementor-element elementor-element-6b08ef1 e-grid e-con-boxed e-con e-parent\" data-id=\"6b08ef1\" data-element_type=\"container\" id=\"kontakt\">\n\t\t\t\t\t<div class=\"e-con-inner\">\n\t\t\t\t<div class=\"elementor-element elementor-element-af97d33 elementor-widget elementor-widget-heading\" data-id=\"af97d33\" data-element_type=\"widget\" data-widget_type=\"heading.default\">\n\t\t\t\t<div class=\"elementor-widget-container\">\n\t\t\t\t\t<h2 class=\"elementor-heading-title elementor-size-default\">Kontakt<\/h2>\t\t\t\t<\/div>\n\t\t\t\t<\/div>\n\t\t\t\t\t<\/div>\n\t\t\t\t<\/div>\n\t\t<div class=\"elementor-element elementor-element-ba9082f e-grid e-con-boxed e-con e-parent\" data-id=\"ba9082f\" data-element_type=\"container\">\n\t\t\t\t\t<div class=\"e-con-inner\">\n\t\t\t\t<div class=\"elementor-element elementor-element-deabbe8 elementor-widget elementor-widget-text-editor\" data-id=\"deabbe8\" data-element_type=\"widget\" data-widget_type=\"text-editor.default\">\n\t\t\t\t<div class=\"elementor-widget-container\">\n\t\t\t\t\t\t\t\t\t<h3>Claudi Kopf<br \/><br \/><\/h3><h4>Biberacher Str. 37<\/h4><h4>88444 Ummendorf<br \/><br \/><\/h4><p>E-Mail: info@claudi-kopf.de<\/p><p>Mobil: 0173 \/ 6619066<\/p>\t\t\t\t\t\t\t\t<\/div>\n\t\t\t\t<\/div>\n\t\t<div class=\"elementor-element elementor-element-3745f24 e-grid e-con-full e-con e-child\" data-id=\"3745f24\" data-element_type=\"container\">\n\t\t\t\t<\/div>\n\t\t\t\t\t<\/div>\n\t\t\t\t<\/div>\n\t\t<div class=\"elementor-element elementor-element-15b2da0 e-grid e-con-boxed e-con e-parent\" data-id=\"15b2da0\" data-element_type=\"container\" id=\"impressum\">\n\t\t\t\t\t<div class=\"e-con-inner\">\n\t\t\t\t<div class=\"elementor-element elementor-element-77dbd3b elementor-widget elementor-widget-heading\" data-id=\"77dbd3b\" data-element_type=\"widget\" data-widget_type=\"heading.default\">\n\t\t\t\t<div class=\"elementor-widget-container\">\n\t\t\t\t\t<h2 class=\"elementor-heading-title elementor-size-default\">Impressum<\/h2>\t\t\t\t<\/div>\n\t\t\t\t<\/div>\n\t\t\t\t<div class=\"elementor-element elementor-element-1c0ec51 elementor-widget elementor-widget-text-editor\" data-id=\"1c0ec51\" data-element_type=\"widget\" data-widget_type=\"text-editor.default\">\n\t\t\t\t<div class=\"elementor-widget-container\">\n\t\t\t\t\t\t\t\t\t<p>Claudi Kopf<br \/>Biberacher Str. 37<br \/>88444 Ummendorf<\/p><h4>Kontakt<\/h4><p>Telefon: +49 (0) 173 66 190 66<br \/>E-Mail: info@claudi-kopf.de<\/p><p>Quelle: <a href=\"https:\/\/www.e-recht24.de\/impressum-generator.html\">https:\/\/www.e-recht24.de\/impressum-generator.html<\/a><\/p>\t\t\t\t\t\t\t\t<\/div>\n\t\t\t\t<\/div>\n\t\t\t\t\t<\/div>\n\t\t\t\t<\/div>\n\t\t\t\t<\/div>\n\t\t","protected":false},"excerpt":{"rendered":"<p>Pferdephysiotherapie \u00a0 Als zertifizierte Pferdephysio unterst\u00fctze ich Ihr Pferd bei Bewegungsproblemen, Muskelverspannungen, Rittigkeitsproblemen oder nach Verletzungen. Durch gezielte physiotherapeutische und [&hellip;]<\/p>\n","protected":false},"author":1,"featured_media":0,"parent":0,"menu_order":0,"comment_status":"closed","ping_status":"closed","template":"elementor_header_footer","meta":{"site-sidebar-layout":"no-sidebar","site-content-layout":"","ast-site-content-layout":"full-width-container","site-content-style":"default","site-sidebar-style":"default","ast-global-header-display":"","ast-banner-title-visibility":"","ast-main-header-display":"","ast-hfb-above-header-display":"","ast-hfb-below-header-display":"","ast-hfb-mobile-header-display":"","site-post-title":"disabled","ast-breadcrumbs-content":"","ast-featured-img":"disabled","footer-sml-layout":"","theme-transparent-header-meta":"","adv-header-id-meta":"","stick-header-meta":"","header-above-stick-meta":"","header-main-stick-meta":"","header-below-stick-meta":"","astra-migrate-meta-layouts":"default","ast-page-background-enabled":"default","ast-page-background-meta":{"desktop":{"background-color":"var(--ast-global-color-4)","background-image":"","background-repeat":"repeat","background-position":"center center","background-size":"auto","background-attachment":"scroll","background-type":"","background-media":"","overlay-type":"","overlay-color":"","overlay-opacity":"","overlay-gradient":""},"tablet":{"background-color":"","background-image":"","background-repeat":"repeat","background-position":"center center","background-size":"auto","background-attachment":"scroll","background-type":"","background-media":"","overlay-type":"","overlay-color":"","overlay-opacity":"","overlay-gradient":""},"mobile":{"background-color":"","background-image":"","background-repeat":"repeat","background-position":"center center","background-size":"auto","background-attachment":"scroll","background-type":"","background-media":"","overlay-type":"","overlay-color":"","overlay-opacity":"","overlay-gradient":""}},"ast-content-background-meta":{"desktop":{"background-color":"var(--ast-global-color-5)","background-image":"","background-repeat":"repeat","background-position":"center center","background-size":"auto","background-attachment":"scroll","background-type":"","background-media":"","overlay-type":"","overlay-color":"","overlay-opacity":"","overlay-gradient":""},"tablet":{"background-color":"var(--ast-global-color-5)","background-image":"","background-repeat":"repeat","background-position":"center center","background-size":"auto","background-attachment":"scroll","background-type":"","background-media":"","overlay-type":"","overlay-color":"","overlay-opacity":"","overlay-gradient":""},"mobile":{"background-color":"var(--ast-global-color-5)","background-image":"","background-repeat":"repeat","background-position":"center center","background-size":"auto","background-attachment":"scroll","background-type":"","background-media":"","overlay-type":"","overlay-color":"","overlay-opacity":"","overlay-gradient":""}},"footnotes":""},"class_list":["post-32","page","type-page","status-publish","hentry"],"_links":{"self":[{"href":"https:\/\/claudi-kopf.de\/index.php?rest_route=\/wp\/v2\/pages\/32","targetHints":{"allow":["GET"]}}],"collection":[{"href":"https:\/\/claudi-kopf.de\/index.php?rest_route=\/wp\/v2\/pages"}],"about":[{"href":"https:\/\/claudi-kopf.de\/index.php?rest_route=\/wp\/v2\/types\/page"}],"author":[{"embeddable":true,"href":"https:\/\/claudi-kopf.de\/index.php?rest_route=\/wp\/v2\/users\/1"}],"replies":[{"embeddable":true,"href":"https:\/\/claudi-kopf.de\/index.php?rest_route=%2Fwp%2Fv2%2Fcomments&post=32"}],"version-history":[{"count":94,"href":"https:\/\/claudi-kopf.de\/index.php?rest_route=\/wp\/v2\/pages\/32\/revisions"}],"predecessor-version":[{"id":168,"href":"https:\/\/claudi-kopf.de\/index.php?rest_route=\/wp\/v2\/pages\/32\/revisions\/168"}],"wp:attachment":[{"href":"https:\/\/claudi-kopf.de\/index.php?rest_route=%2Fwp%2Fv2%2Fmedia&parent=32"}],"curies":[{"name":"wp","href":"https:\/\/api.w.org\/{rel}","templated":true}]}}